{"id":2486,"date":"2021-02-23T15:02:28","date_gmt":"2021-02-23T15:02:28","guid":{"rendered":"https:\/\/escapa-t.com\/reserva\/"},"modified":"2022-05-19T16:14:53","modified_gmt":"2022-05-19T15:14:53","slug":"reservation","status":"publish","type":"page","link":"https:\/\/escapa-t.com\/fr\/reservation\/","title":{"rendered":"R\u00e9servation"},"content":{"rendered":"<div class=\"wpb-content-wrapper\"><p>[vc_row css=\".vc_custom_1614166312604{padding-top: 100px !important;padding-bottom: 100px !important;}\"][vc_column width=\"1\/6\"][\/vc_column][vc_column width=\"2\/3\"]<div id=\"ultimate-heading-581669e1642059ee5\" class=\"uvc-heading ult-adjust-bottom-margin ultimate-heading-581669e1642059ee5 uvc-7657 accent-border-color\" data-hspacer=\"no_spacer\"  data-halign=\"left\" style=\"text-align:left\"><div class=\"uvc-heading-spacer no_spacer\" style=\"top\"><\/div><div class=\"uvc-main-heading ult-responsive\"  data-ultimate-target='.uvc-heading.ultimate-heading-581669e1642059ee5 h2'  data-responsive-json-new='{\"font-size\":\"desktop:30px;\",\"line-height\":\"desktop:40px;\"}' ><h2 style=\"--font-weight:theme;margin-bottom:25px;\">R\u00e9servez votre camping-car<\/h2><\/div><div class=\"uvc-sub-heading ult-responsive\"  data-ultimate-target='.uvc-heading.ultimate-heading-581669e1642059ee5 .uvc-sub-heading '  data-responsive-json-new='{\"font-size\":\"\",\"line-height\":\"\"}'  style=\"font-weight:normal;\">Vous pouvez le faire en appelant le +34 620317919 ou en remplissant le formulaire ci-dessous . La r\u00e9servation ne sera pas confirm\u00e9e jusqu'\u00e0 ce que vous receviez une notification de notre part.<\/div><\/div>\n<div class=\"wpcf7 no-js\" id=\"wpcf7-f2787-o1\" lang=\"es-ES\" dir=\"ltr\" data-wpcf7-id=\"2787\">\n<div class=\"screen-reader-response\"><p role=\"status\" aria-live=\"polite\" aria-atomic=\"true\"><\/p> <ul><\/ul><\/div>\n<form action=\"\/fr\/wp-json\/wp\/v2\/pages\/2486#wpcf7-f2787-o1\" method=\"post\" class=\"wpcf7-form init\" aria-label=\"Formulario de contacto\" novalidate=\"novalidate\" data-status=\"init\">\n<fieldset class=\"hidden-fields-container\"><input type=\"hidden\" name=\"_wpcf7\" value=\"2787\" \/><input type=\"hidden\" name=\"_wpcf7_version\" value=\"6.1.3\" \/><input type=\"hidden\" name=\"_wpcf7_locale\" value=\"es_ES\" \/><input type=\"hidden\" name=\"_wpcf7_unit_tag\" value=\"wpcf7-f2787-o1\" \/><input type=\"hidden\" name=\"_wpcf7_container_post\" value=\"0\" \/><input type=\"hidden\" name=\"_wpcf7_posted_data_hash\" value=\"\" \/><input type=\"hidden\" name=\"_wpcf7_recaptcha_response\" value=\"\" \/>\n<\/fieldset>\n<p><span class=\"wpcf7-form-control-wrap\" data-name=\"your-name\"><input size=\"40\" maxlength=\"400\" class=\"wpcf7-form-control wpcf7-text wpcf7-validates-as-required\" aria-required=\"true\" aria-invalid=\"false\" value=\"Pr\u00e9nom\" type=\"text\" name=\"your-name\" \/><\/span>\n<\/p>\n<p><span class=\"wpcf7-form-control-wrap\" data-name=\"your-email\"><input size=\"40\" maxlength=\"400\" class=\"wpcf7-form-control wpcf7-email wpcf7-validates-as-required wpcf7-text wpcf7-validates-as-email\" aria-required=\"true\" aria-invalid=\"false\" value=\"E-mail\" type=\"email\" name=\"your-email\" \/><\/span>\n<\/p>\n<p><span class=\"wpcf7-form-control-wrap\" data-name=\"telefon\"><input size=\"40\" maxlength=\"400\" class=\"wpcf7-form-control wpcf7-tel wpcf7-validates-as-required wpcf7-text wpcf7-validates-as-tel\" aria-required=\"true\" aria-invalid=\"false\" value=\"T\u00e9l\u00e9phone\" type=\"tel\" name=\"telefon\" \/><\/span>\n<\/p>\n<p>Quel v\u00e9hicule souhaitez-vous louer?<br \/>\n<span class=\"wpcf7-form-control-wrap\" data-name=\"caravana\"><span class=\"wpcf7-form-control wpcf7-checkbox wpcf7-validates-as-required\"><span class=\"wpcf7-list-item first\"><label><input type=\"checkbox\" name=\"caravana[]\" value=\"Burstner Lyseo A 660\" \/><span class=\"wpcf7-list-item-label\">Burstner Lyseo A 660<\/span><\/label><\/span><span class=\"wpcf7-list-item\"><label><input type=\"checkbox\" name=\"caravana[]\" value=\"Seal 5\" \/><span class=\"wpcf7-list-item-label\">Seal 5<\/span><\/label><\/span><span class=\"wpcf7-list-item\"><label><input type=\"checkbox\" name=\"caravana[]\" value=\"Seal 9\" \/><span class=\"wpcf7-list-item-label\">Seal 9<\/span><\/label><\/span><span class=\"wpcf7-list-item\"><label><input type=\"checkbox\" name=\"caravana[]\" value=\"Horus 145\" \/><span class=\"wpcf7-list-item-label\">Horus 145<\/span><\/label><\/span><span class=\"wpcf7-list-item last\"><label><input type=\"checkbox\" name=\"caravana[]\" value=\"Hera 54\" \/><span class=\"wpcf7-list-item-label\">Hera 54<\/span><\/label><\/span><\/span><\/span>\n<\/p>\n<p>Date d'entr\u00e9e: <span class=\"wpcf7-form-control-wrap\" data-name=\"date-in\"><input class=\"wpcf7-form-control wpcf7-date wpcf7-validates-as-required wpcf7-validates-as-date\" aria-required=\"true\" aria-invalid=\"false\" value=\"\" type=\"date\" name=\"date-in\" \/><\/span><br \/>\nDate de d\u00e9part: <span class=\"wpcf7-form-control-wrap\" data-name=\"date-out\"><input class=\"wpcf7-form-control wpcf7-date wpcf7-validates-as-required wpcf7-validates-as-date\" aria-required=\"true\" aria-invalid=\"false\" value=\"\" type=\"date\" name=\"date-out\" \/><\/span>\n<\/p>\n<p><span class=\"wpcf7-form-control-wrap\" data-name=\"your-subject\"><input size=\"40\" maxlength=\"400\" class=\"wpcf7-form-control wpcf7-text wpcf7-validates-as-required\" aria-required=\"true\" aria-invalid=\"false\" value=\"Affaire\" type=\"text\" name=\"your-subject\" \/><\/span>\n<\/p>\n<p><span class=\"wpcf7-form-control-wrap\" data-name=\"your-message\"><textarea cols=\"40\" rows=\"10\" maxlength=\"2000\" class=\"wpcf7-form-control wpcf7-textarea\" aria-invalid=\"false\" name=\"your-message\">Message<\/textarea><\/span>\n<\/p>\n<p><span class=\"wpcf7-form-control-wrap\" data-name=\"acceptance\"><span class=\"wpcf7-form-control wpcf7-acceptance\"><span class=\"wpcf7-list-item\"><label><input type=\"checkbox\" name=\"acceptance\" value=\"1\" aria-invalid=\"false\" \/><span class=\"wpcf7-list-item-label\">J'ai lu et accepte le <a href=\"\/fr\/politique-de-privacite\/\">Politique de privacit\u00e9<\/a><\/span><\/label><\/span><\/span><\/span>\n<\/p>\n<p><input class=\"wpcf7-form-control wpcf7-submit has-spinner\" type=\"submit\" value=\"Envoyer\" \/>\n<\/p><div class=\"wpcf7-response-output\" aria-hidden=\"true\"><\/div>\n<\/form>\n<\/div>\n[\/vc_column][vc_column width=\"1\/6\"][\/vc_column][\/vc_row]<\/p>\n<\/div>","protected":false},"excerpt":{"rendered":"<p>[vc_row css=\".vc_custom_1614166312604{padding-top: 100px !important;padding-bottom: 100px !important;}\"][vc_column width=\"1\/6\"][\/vc_column][vc_column width=\"2\/3\"][\/vc_column][vc_column width=\"1\/6\"][\/vc_column][\/vc_row]<\/p>\n","protected":false},"author":1,"featured_media":0,"parent":0,"menu_order":600,"comment_status":"closed","ping_status":"closed","template":"","meta":{"footnotes":""},"class_list":["post-2486","page","type-page","status-publish","hentry","description-off"],"yoast_head":"<!-- This site is optimized with the Yoast SEO plugin v26.4 - https:\/\/yoast.com\/wordpress\/plugins\/seo\/ -->\n<title>R\u00e9servation - Escapa-t<\/title>\n<meta name=\"robots\" content=\"index, follow, max-snippet:-1, max-image-preview:large, max-video-preview:-1\" \/>\n<link rel=\"canonical\" href=\"https:\/\/escapa-t.com\/fr\/reservation\/\" \/>\n<meta property=\"og:locale\" content=\"fr_FR\" \/>\n<meta property=\"og:type\" content=\"article\" \/>\n<meta property=\"og:title\" content=\"R\u00e9servation - Escapa-t\" \/>\n<meta property=\"og:description\" content=\"[vc_row css=&quot;.vc_custom_1614166312604{padding-top: 100px !important;padding-bottom: 100px !important;}&quot;][vc_column width=&quot;1\/6&quot;][\/vc_column][vc_column width=&quot;2\/3&quot;][\/vc_column][vc_column width=&quot;1\/6&quot;][\/vc_column][\/vc_row]\" \/>\n<meta property=\"og:url\" content=\"https:\/\/escapa-t.com\/fr\/reservation\/\" \/>\n<meta property=\"og:site_name\" content=\"Escapa-t\" \/>\n<meta property=\"article:modified_time\" content=\"2022-05-19T15:14:53+00:00\" \/>\n<meta name=\"twitter:card\" content=\"summary_large_image\" \/>\n<meta name=\"twitter:label1\" content=\"Dur\u00e9e de lecture estim\u00e9e\" \/>\n\t<meta name=\"twitter:data1\" content=\"1 minute\" \/>\n<script type=\"application\/ld+json\" class=\"yoast-schema-graph\">{\"@context\":\"https:\/\/schema.org\",\"@graph\":[{\"@type\":\"WebPage\",\"@id\":\"https:\/\/escapa-t.com\/fr\/reservation\/\",\"url\":\"https:\/\/escapa-t.com\/fr\/reservation\/\",\"name\":\"R\u00e9servation - Escapa-t\",\"isPartOf\":{\"@id\":\"https:\/\/escapa-t.com\/#website\"},\"datePublished\":\"2021-02-23T15:02:28+00:00\",\"dateModified\":\"2022-05-19T15:14:53+00:00\",\"breadcrumb\":{\"@id\":\"https:\/\/escapa-t.com\/fr\/reservation\/#breadcrumb\"},\"inLanguage\":\"fr-FR\",\"potentialAction\":[{\"@type\":\"ReadAction\",\"target\":[\"https:\/\/escapa-t.com\/fr\/reservation\/\"]}]},{\"@type\":\"BreadcrumbList\",\"@id\":\"https:\/\/escapa-t.com\/fr\/reservation\/#breadcrumb\",\"itemListElement\":[{\"@type\":\"ListItem\",\"position\":1,\"name\":\"Inici\",\"item\":\"https:\/\/escapa-t.com\/fr\/\"},{\"@type\":\"ListItem\",\"position\":2,\"name\":\"R\u00e9servation\"}]},{\"@type\":\"WebSite\",\"@id\":\"https:\/\/escapa-t.com\/#website\",\"url\":\"https:\/\/escapa-t.com\/\",\"name\":\"Escapa-t\",\"description\":\"Lloguer d&#039;autocaravanes\",\"potentialAction\":[{\"@type\":\"SearchAction\",\"target\":{\"@type\":\"EntryPoint\",\"urlTemplate\":\"https:\/\/escapa-t.com\/?s={search_term_string}\"},\"query-input\":{\"@type\":\"PropertyValueSpecification\",\"valueRequired\":true,\"valueName\":\"search_term_string\"}}],\"inLanguage\":\"fr-FR\"}]}<\/script>\n<!-- \/ Yoast SEO plugin. -->","yoast_head_json":{"title":"R\u00e9servation - Escapa-t","robots":{"index":"index","follow":"follow","max-snippet":"max-snippet:-1","max-image-preview":"max-image-preview:large","max-video-preview":"max-video-preview:-1"},"canonical":"https:\/\/escapa-t.com\/fr\/reservation\/","og_locale":"fr_FR","og_type":"article","og_title":"R\u00e9servation - Escapa-t","og_description":"[vc_row css=\".vc_custom_1614166312604{padding-top: 100px !important;padding-bottom: 100px !important;}\"][vc_column width=\"1\/6\"][\/vc_column][vc_column width=\"2\/3\"][\/vc_column][vc_column width=\"1\/6\"][\/vc_column][\/vc_row]","og_url":"https:\/\/escapa-t.com\/fr\/reservation\/","og_site_name":"Escapa-t","article_modified_time":"2022-05-19T15:14:53+00:00","twitter_card":"summary_large_image","twitter_misc":{"Dur\u00e9e de lecture estim\u00e9e":"1 minute"},"schema":{"@context":"https:\/\/schema.org","@graph":[{"@type":"WebPage","@id":"https:\/\/escapa-t.com\/fr\/reservation\/","url":"https:\/\/escapa-t.com\/fr\/reservation\/","name":"R\u00e9servation - Escapa-t","isPartOf":{"@id":"https:\/\/escapa-t.com\/#website"},"datePublished":"2021-02-23T15:02:28+00:00","dateModified":"2022-05-19T15:14:53+00:00","breadcrumb":{"@id":"https:\/\/escapa-t.com\/fr\/reservation\/#breadcrumb"},"inLanguage":"fr-FR","potentialAction":[{"@type":"ReadAction","target":["https:\/\/escapa-t.com\/fr\/reservation\/"]}]},{"@type":"BreadcrumbList","@id":"https:\/\/escapa-t.com\/fr\/reservation\/#breadcrumb","itemListElement":[{"@type":"ListItem","position":1,"name":"Inici","item":"https:\/\/escapa-t.com\/fr\/"},{"@type":"ListItem","position":2,"name":"R\u00e9servation"}]},{"@type":"WebSite","@id":"https:\/\/escapa-t.com\/#website","url":"https:\/\/escapa-t.com\/","name":"Escapa-t","description":"Lloguer d&#039;autocaravanes","potentialAction":[{"@type":"SearchAction","target":{"@type":"EntryPoint","urlTemplate":"https:\/\/escapa-t.com\/?s={search_term_string}"},"query-input":{"@type":"PropertyValueSpecification","valueRequired":true,"valueName":"search_term_string"}}],"inLanguage":"fr-FR"}]}},"_links":{"self":[{"href":"https:\/\/escapa-t.com\/fr\/wp-json\/wp\/v2\/pages\/2486","targetHints":{"allow":["GET"]}}],"collection":[{"href":"https:\/\/escapa-t.com\/fr\/wp-json\/wp\/v2\/pages"}],"about":[{"href":"https:\/\/escapa-t.com\/fr\/wp-json\/wp\/v2\/types\/page"}],"author":[{"embeddable":true,"href":"https:\/\/escapa-t.com\/fr\/wp-json\/wp\/v2\/users\/1"}],"replies":[{"embeddable":true,"href":"https:\/\/escapa-t.com\/fr\/wp-json\/wp\/v2\/comments?post=2486"}],"version-history":[{"count":6,"href":"https:\/\/escapa-t.com\/fr\/wp-json\/wp\/v2\/pages\/2486\/revisions"}],"predecessor-version":[{"id":3173,"href":"https:\/\/escapa-t.com\/fr\/wp-json\/wp\/v2\/pages\/2486\/revisions\/3173"}],"wp:attachment":[{"href":"https:\/\/escapa-t.com\/fr\/wp-json\/wp\/v2\/media?parent=2486"}],"curies":[{"name":"wp","href":"https:\/\/api.w.org\/{rel}","templated":true}]}}