{"id":2483,"date":"2021-02-24T15:16:36","date_gmt":"2021-02-24T14:16:36","guid":{"rendered":"https:\/\/escapa-t.com\/condicions-generals-de-lloguer\/"},"modified":"2025-03-17T12:21:57","modified_gmt":"2025-03-17T11:21:57","slug":"condicions-generals-de-lloguer","status":"publish","type":"page","link":"https:\/\/escapa-t.com\/fr\/condicions-generals-de-lloguer\/","title":{"rendered":"Condicions generals de lloguer"},"content":{"rendered":"<div class=\"wpb-content-wrapper\"><p>[vc_row][vc_column][vc_column_text]<strong>CONDITIONS G\u00c9NERALES DE LOCATION PAR CE CONTRAT, LE PROPRI\u00c9TAIRE ( SERGIO VALLS BISBAL 38451484 S) IL LOUE AU LOCATAIRE ( NOMBRE DEL CLIENTE ), LE CAMPING-CAR D\u00c9CRIT. LA SIGNATURE DU CONTRAT DE LOCATION IMPLIQUE L\u00b4ACCEPTATION DE CHACUNE DES CONDITIONS SUIVANTES.<\/strong><\/p>\n<ol>\n<li>Le montant total de la location contract\u00e9e doit \u00eatre pay\u00e9 avant le d\u00e9part, en esp\u00e8ces, carte bancaire ou virement bancaire. De m\u00eame, une caution sera d\u00e9pos\u00e9e pour un montant de 1.000,00\u20ac. La caution sera restitu\u00e9e apr\u00e8s examen du v\u00e9hicule par un chef d\u00b4entreprise,lequel en cas de dommage d\u00fb \u00e0 une mauvaise utilisation dicter le montant que le client devrait payer, qui sera r\u00e9duit de la caution, accepter le paiement de la differ\u00e9nce si le co\u00fbt des dommages exc\u00e8dent la valeur de la caution d\u00e9pos\u00e9e. Le caution sera retourne par virement bancaire dans les 7 jours.<\/li>\n<li>Le conducteur ou les conducteurs du v\u00e9hicule doit avoir plus de 25 ans et \u00eatre en possession d\u00b4un permis de conduire classe \u201cB\u201d. En cas de NON-RESIDENT DE L\u00b4UE devrait \u00eatre en possession du permis de conduire valide.<\/li>\n<li>Il sont seulement autorises \u00e0 conduire la ou les personnes identifi\u00e9 et accept\u00e9 par le propietaire et qui sont refl\u00e9t\u00e9s dans ce contrat. Le locataire sera personnallement et solidairement responsable des personnes qui conduisent le v\u00e9hicule pendant la location.<\/li>\n<li>Le service de r\u00e9servation de v\u00e9hicules sera valide pour la cat\u00e9gorie sp\u00e9cifi\u00e9e et toujours sous r\u00e9serve de disponibilit\u00e9. Si les informations pr\u00e9sent\u00e9es par le locataire sont insuffisantes ou il ne peut pas \u00eatre correctement v\u00e9rifi\u00e9, le loyer sera refus\u00e9.<\/li>\n<li>Le propri\u00e9taire garantit une cat\u00e9gorie de v\u00e9hicule, jamais un mod\u00e8le sp\u00e9cifique.<\/li>\n<li>Les jours de location seron calcul\u00e9s pour des p\u00e9riodes de 24 heures \u00e0 compter de l\u00b4heure exacte \u00e0 laquelle le locataire a lou\u00e9 le v\u00e9hicule et jusqu\u00b4\u00e0 la r\u00e9ception du v\u00e9hicule, les cl\u00e9s et la documentation du propi\u00e9taire.<\/li>\n<li>Le locataire doit toujours avoir sur lui sa copie du contrat de location pour la dur\u00e9e du contrat.<\/li>\n<li>Les tarifs peuvent varier en fonction de la dur\u00e9e et sont sujets \u00e0 changement.<\/li>\n<li>Il ne proc\u00e9dera pas de la part du client \u00e0 exiger aucune compensation si pour des raisons de forcem ajeure, raisons fortu\u00eftes ou non li\u00e9es au propietaire, le v\u00e9hicule n\u00e1 pas pu \u00eatre livr\u00e9 \u00e0 la date convenue, sauf le retour du montant pay\u00e9 lors de la reservation. Au cas o\u00f9 le locataire par sa prope d\u00e9cision unilat\u00e9rale commencer tard ou finir t\u00f4t le louer, n\u00b4aura pas droit \u00e0 un remboursement.<\/li>\n<li>La livraison et le retour du v\u00e9hicule auron lieu au lieu \u00e0 la date et l\u00b4heure convenus. La location sera consid\u00e9r\u00e9e comme termin\u00e9e lorsque le v\u00e9hicule et les cl\u00e9s ont \u00e9te re\u00e7us par le bailleur. Les retards dans le retour non autoris\u00e9 ou en raison de forcem ajeure, sera p\u00e9nalis\u00e9 d\u00b4un taux journalier tripler le montant appliqu\u00e9 dans le contrat. Le d\u00e9faut de retour autorise le bailleur \u00e0 pendre en charge le v\u00e9hicule ou l\u00e9galment requis. Si le client veu prolonger le bail aux dates fix\u00e9es devrait comuniquer avec un pr\u00e9avis de 3 jours \u00e0 la fin du contrat, la confirmation de l\u00b4extension sera soumise \u00e0 la disponibilit\u00e9 du bailleur.<\/li>\n<li>Pour les locations de 3 jours, un maximum de 900 Km, 4 jours 1200 Km, 5 jours 1500 Km, \u00e0 partir de 6 jours, il n\u00b4y a pas limite de kilom\u00e9trage, en cas de d\u00e9passement de la limite, ils seron factures \u00e0 0,40 centime d\u00b4Euro par kilom\u00e8tre plus parcouru.<\/li>\n<li>Le client a v\u00e9rifi\u00e9 le v\u00e9hicule et ses installations avant le recevoir et proc\u00e9der au paiement du loyer et reconna\u00eet les avoir re\u00e7us \u00e0 votre enti\u00e8re satisfaction, donc la panne du v\u00e9hicule ou un dysfonctionnement de l\u00b4\u00e9quipement pendant la location ne vous doner\u00e0 droit \u00e0 aucune compensation, remboursement ou remise. Les dommages ant\u00e9rieurs identifi\u00e9s seron not\u00e9s et lorsque le v\u00e9hicule est rendu, il est \u00e0 nouveau verifi\u00e9, si des dommages apparaissent qui n\u00b4\u00e9taient pas, ceux-ci seront assum\u00e9s par l\u00b4utilisateur.<\/li>\n<li>Il est express\u00e9ment interdit d\u00b4attribuer le v\u00e9hicule \u00e0 toute activit\u00e9 contraire aux bonnes moeurs, lois et bonnes coutumes. Il est interdit de transporter plus de personnes que la loi ne le permet, courir des courses concours, transport de marchandises ou d\u00b4objets, que notre l\u00e9gislation l\u00b4autorise ou non, voyager en dehors du r\u00e9seau routier et sus quelque terrain inadapt\u00e9 et attribuer son utilisation \u00e0 un titre g\u00e9n\u00e9reux ou lucratif, utilisez-le pour pousser d\u00b4autres v\u00e9hicules ou remorques. Il est interdit de conduire le v\u00e9hicule dans l\u00b4inf\u00e9riorit\u00e9 des conditions physiques motiv\u00e9s par l\u00b4alcool, drogues ou m\u00e9dicaments, fatigue ou maladie. De m\u00eame le locataire re\u00e7oit toute la documentation requis par la r\u00e9glamentation en vigueur et est oblig\u00e9 de montrer lorsqu\u00b4un fonctionnaire ou un agent de l\u00b4autorit\u00e9 l\u00b4exige.<\/li>\n<li>Le propri\u00e9taire n\u00b4est pas responsable de ces sanctions ou amendes qui peuvent survenir attribuable \u00e0 des infractions commises par le conducteur ainsi que toutes ces contraventions au code de la circulation qui pourrant produire. En outre il doit \u00eatre respect\u00e9 toujours la limite de poids indiqu\u00e9 dans la fiche technique du v\u00e9hicule. Dans le cas o\u00f9 le v\u00e9hicule a \u00e9te retenu ou sausi raison de votre faute, le locataire supporterait les frais et la perte de revenus du bailleur pendant la dur\u00e9e d\u00b4indisponibilit\u00e9 du v\u00e9hicle, appliquera le montant par jour en fonction du prix de location.<\/li>\n<li>L\u00b4utilisation et la mise en place des syst\u00e8mes de retenue pour les enfants sont \u00e0 la charge du locataire.<\/li>\n<li>Tout accident, collision ou dommage affectant le v\u00e9hicule, quelle que soit l\u00b4importance, l\u00b4utilisateur le communiquera au bailleur dans les 12 heures suivantes ou lorsque les d\u00e9g\u00e2ts sont pass\u00e9s, sous peine d\u00b4\u00eatre ce que la compagnie d\u00b4assurance r\u00e9sout, assumer sa responsabilit\u00e9 face aux pr\u00e9jug\u00e9s que peut souffrir le bailleur. Obligation de compl\u00e9ter le \u201c D\u00e9claration d\u00b4accident amicale\u201d et obtenir toutes les donn\u00e9s de la partie adverse et des t\u00e9moins.Quand la faute est le contraire la caution ne sera pas restitu\u00e9e jusqu\u00b4\u00e0 la soci\u00e9te d\u00b4assurance contraire accepter la responsabilite et le paiement des dommages occasionn\u00e9.<\/li>\n<li>En cas de vol du v\u00e9hicule il sera signal\u00e9 \u00e0 l\u00b4autorit\u00e9 comp\u00e9tente. Le locataire avisera le propri\u00e9taire au moyen d\u00b4una copie de la plainte d\u00e9pos\u00e9e par le POLICE dans un d\u00e9lai maximum de 24 heures, avec les cl\u00e9s du v\u00e9hicule, dans ce cas l\u00b4assurance et la coverture contract\u00e9es seron sans effet.<\/li>\n<li>C\u00b4est l\u00b4obligation du locataire arr\u00eater le v\u00e9hicule des que posible quand pendant qu\u00b4il s\u00b4allume dans le tableau de bord l\u00b4un des t\u00e9moins qui d\u00e9tecten une anomalie du fonctionnement du v\u00e9hicule ou lorsque vous percevez des signes externes indiquant une d\u00e9faillance ou dysfonctionnement du m\u00eame. Dans ce cas le locataire, vous devez contacter le propietaire ou la soci\u00e9t\u00e9 d\u00b4assistance routi\u00e8re arrang\u00e9 par le propietaire et seulement avec \u00e7a doit \u00eatre adress\u00e9 exclusivement \u00e0 un service officiel FIAT, CITROEN OU RENAULT en fonction du mod\u00e8le lou\u00e9, sauf autorisation expresse du bailleur. En aucun cas abandonnera le v\u00e9hicule \u00e9tant \u00e0 votre responsabilite le rapatriement si n\u00e9cesaire \u00e0 l\u00b4adresse du bailleur, jusque-l\u00e0, le client sera responsable de toutes les d\u00e9penses.<\/li>\n<li>Le v\u00e9hicule n\u00b4est autoris\u00e9 \u00e0 voyager qu\u00b4\u00e0 travers les pays: ALLEMAGNE,ANDORRA,L\u00b4AUTRICHE, BELGIQUE,CROATIE,REP. TCH\u00c8QUE,CHYPRE,DANEMARK,ESTONIE,REP.SLOVAQUE,SLOV\u00c9NIE,ESPAGNE ( sauf CEUTA ET MELILLA), FINLANDE,FRANCE,BRETAGNE,GR\u00c8CE,HOLLANDE,HONGRIE,IRLANDE,ISLANDIE,ITALIELITUANIE,LUXEMBOURG,NORV\u00c8GE,POLOGNE, LE PORTUGAL, SU\u00c8DE,SUISSE. Il est interdit de circuler pour tout pays en guerre ou en conflit.<\/li>\n<li>Il est interdit de transporter le v\u00e9hicule \u00e0 bord de tout type de bateau, train,camion ou avion, sauf autorisation \u00e9crite expresse du proprietaire.<\/li>\n<li>En cas de panne, dont la r\u00e9paration ne d\u00e9passe pas de 60,00\u20ac le client peu l\u00b4executer sans autorisation pr\u00e9alable du bailleur, pour les pannes d\u00b4un montant plus haute devra demander une autorisation au bailleur, se faire rembourser son montant a la pr\u00e9sentation de la facture fait au nom de:<br \/>\nSERGIO VALLS BISBAL<br \/>\nC\/. MONTSERRAT, 1<br \/>\n08460 SANTA MARIA DE PALAUTORDERA<br \/>\nBARCELONA<br \/>\nNIF 38451484 S<br \/>\nLe bris de pneus et crevaisons sont \u00e0 la charge du locataire.<\/li>\n<li>Le v\u00e9hicule est livr\u00e9 avec un reservoir plein et sera retourn\u00e9 dans les m\u00eames conditions. Dans le cas contraire, un suppl\u00e9ment de 10 \u20ac sera factur\u00e9 en plus du prix de l'essence.<\/li>\n<li>Le v\u00e9hicule lou\u00e9 doit \u00eatre rendu en bon \u00e9tat d\u00b4hygi\u00e8ne, avec son int\u00e9rieur propre et avec l\u00b4 WC et r\u00e9servoirs d\u00b4eaux us\u00e9es correctement vid\u00e9s. Autrement l\u00b4utilisateur accepte le paiement du montant fixe du 30,00 \u20ac. En cas de salet\u00e9s sp\u00e9ciales telles que vomissements, taches d\u00b4urine ou d\u00b4encre, boue, poils d\u00b4animaux ou odeurs d\u00e9sagr\u00e9ables entre autres, cette charge sera de 80,00 \u20ac. Le fait de remplir le r\u00e9servoir d\u00b4eau potable avec du diesel ou un autre carburant impliquera une p\u00e9nalit\u00e9 de 600,00 \u20ac. La perte des cl\u00e9s ou de la documentation a un co\u00fbt de 500,00 \u20ac.<\/li>\n<li>Il est express\u00e9ment interdit de fumer \u00e0 l\u00b4interieur du v\u00e9hicule.<\/li>\n<li>Le v\u00e9hicule a une assurance compl\u00e8te avec une franchise de 800,00 \u20ac. En cas d\u00b4accident ou de vol le locataire sera responsable dudit montant pour sinistre. Les objets \u00e0 l\u00a8interieur du v\u00e9hicule d\u00e9pos\u00e9s par le locataire ne sont jamais assur\u00e9s.<\/li>\n<li>Le sinistre, le vol ou la panne du v\u00e9hicule n\u00b4oblige pas le propietaire \u00e0 mettre \u00e0 la disposition du locataire une v\u00e9hicule de remplacement. Toute question d\u00e9riv\u00e9e dans l\u00b4interpretation de ce contrat, les deux parties soumettent express\u00e9ment aux tribunaux du domicile du proprietaire. V\u00e9hicule \u00e9quipe d\u00b4un syst\u00e8me de localisation GPS par satellite.<\/li>\n<\/ol>\n<p>&nbsp;<\/p>\n<p>ESCAPA-T \/ PHONE 00 +34 620317919<br \/>\n<strong>SERGI VALLS BISBAL<br \/>\n<\/strong>38451484S<br \/>\nC\/. de la Riera s\/n 08470 GUALBA - BARCELONA<br \/>\nTEL: 620317919[\/vc_column_text][\/vc_column][\/vc_row]<\/p>\n<\/div>","protected":false},"excerpt":{"rendered":"<p>[vc_row][vc_column][vc_column_text]CONDITIONS G\u00c9NERALES DE LOCATION PAR CE CONTRAT, LE PROPRI\u00c9TAIRE ( SERGIO VALLS BISBAL 38451484 S) IL LOUE AU LOCATAIRE ( NOMBRE DEL CLIENTE ), LE CAMPING-CAR D\u00c9CRIT. LA SIGNATURE DU CONTRAT DE LOCATION IMPLIQUE L\u00b4ACCEPTATION DE CHACUNE DES CONDITIONS SUIVANTES. Le montant total de la location contract\u00e9e doit \u00eatre pay\u00e9 avant le d\u00e9part, en esp\u00e8ces,&hellip; <a class=\"continue\" href=\"https:\/\/escapa-t.com\/fr\/condicions-generals-de-lloguer\/\">Continue Reading<span> Condicions generals de lloguer<\/span><\/a><\/p>\n","protected":false},"author":1,"featured_media":0,"parent":0,"menu_order":0,"comment_status":"closed","ping_status":"closed","template":"","meta":{"footnotes":""},"class_list":["post-2483","page","type-page","status-publish","hentry","description-off"],"yoast_head":"<!-- This site is optimized with the Yoast SEO plugin v27.5 - https:\/\/yoast.com\/product\/yoast-seo-wordpress\/ -->\n<title>Condicions generals de lloguer - Escapa-t<\/title>\n<meta name=\"robots\" content=\"index, follow, max-snippet:-1, max-image-preview:large, max-video-preview:-1\" \/>\n<link rel=\"canonical\" href=\"https:\/\/escapa-t.com\/fr\/condicions-generals-de-lloguer\/\" \/>\n<meta property=\"og:locale\" content=\"fr_FR\" \/>\n<meta property=\"og:type\" content=\"article\" \/>\n<meta property=\"og:title\" content=\"Condicions generals de lloguer - Escapa-t\" \/>\n<meta property=\"og:description\" content=\"[vc_row][vc_column][vc_column_text]CONDITIONS G\u00c9NERALES DE LOCATION PAR CE CONTRAT, LE PROPRI\u00c9TAIRE ( SERGIO VALLS BISBAL 38451484 S) IL LOUE AU LOCATAIRE ( NOMBRE DEL CLIENTE ), LE CAMPING-CAR D\u00c9CRIT. LA SIGNATURE DU CONTRAT DE LOCATION IMPLIQUE L\u00b4ACCEPTATION DE CHACUNE DES CONDITIONS SUIVANTES. Le montant total de la location contract\u00e9e doit \u00eatre pay\u00e9 avant le d\u00e9part, en esp\u00e8ces,&hellip; Continue Reading Condicions generals de lloguer\" \/>\n<meta property=\"og:url\" content=\"https:\/\/escapa-t.com\/fr\/condicions-generals-de-lloguer\/\" \/>\n<meta property=\"og:site_name\" content=\"Escapa-t\" \/>\n<meta property=\"article:modified_time\" content=\"2025-03-17T11:21:57+00:00\" \/>\n<meta name=\"twitter:card\" content=\"summary_large_image\" \/>\n<meta name=\"twitter:label1\" content=\"Dur\u00e9e de lecture estim\u00e9e\" \/>\n\t<meta name=\"twitter:data1\" content=\"9 minutes\" \/>\n<script type=\"application\/ld+json\" class=\"yoast-schema-graph\">{\"@context\":\"https:\\\/\\\/schema.org\",\"@graph\":[{\"@type\":\"WebPage\",\"@id\":\"https:\\\/\\\/escapa-t.com\\\/fr\\\/condicions-generals-de-lloguer\\\/\",\"url\":\"https:\\\/\\\/escapa-t.com\\\/fr\\\/condicions-generals-de-lloguer\\\/\",\"name\":\"Condicions generals de lloguer - Escapa-t\",\"isPartOf\":{\"@id\":\"https:\\\/\\\/escapa-t.com\\\/#website\"},\"datePublished\":\"2021-02-24T14:16:36+00:00\",\"dateModified\":\"2025-03-17T11:21:57+00:00\",\"breadcrumb\":{\"@id\":\"https:\\\/\\\/escapa-t.com\\\/fr\\\/condicions-generals-de-lloguer\\\/#breadcrumb\"},\"inLanguage\":\"fr-FR\",\"potentialAction\":[{\"@type\":\"ReadAction\",\"target\":[\"https:\\\/\\\/escapa-t.com\\\/fr\\\/condicions-generals-de-lloguer\\\/\"]}]},{\"@type\":\"BreadcrumbList\",\"@id\":\"https:\\\/\\\/escapa-t.com\\\/fr\\\/condicions-generals-de-lloguer\\\/#breadcrumb\",\"itemListElement\":[{\"@type\":\"ListItem\",\"position\":1,\"name\":\"Inici\",\"item\":\"https:\\\/\\\/escapa-t.com\\\/fr\\\/\"},{\"@type\":\"ListItem\",\"position\":2,\"name\":\"Condicions generals de lloguer\"}]},{\"@type\":\"WebSite\",\"@id\":\"https:\\\/\\\/escapa-t.com\\\/#website\",\"url\":\"https:\\\/\\\/escapa-t.com\\\/\",\"name\":\"Escapa-t\",\"description\":\"Lloguer d&#039;autocaravanes\",\"potentialAction\":[{\"@type\":\"SearchAction\",\"target\":{\"@type\":\"EntryPoint\",\"urlTemplate\":\"https:\\\/\\\/escapa-t.com\\\/?s={search_term_string}\"},\"query-input\":{\"@type\":\"PropertyValueSpecification\",\"valueRequired\":true,\"valueName\":\"search_term_string\"}}],\"inLanguage\":\"fr-FR\"}]}<\/script>\n<!-- \/ Yoast SEO plugin. -->","yoast_head_json":{"title":"Condicions generals de lloguer - Escapa-t","robots":{"index":"index","follow":"follow","max-snippet":"max-snippet:-1","max-image-preview":"max-image-preview:large","max-video-preview":"max-video-preview:-1"},"canonical":"https:\/\/escapa-t.com\/fr\/condicions-generals-de-lloguer\/","og_locale":"fr_FR","og_type":"article","og_title":"Condicions generals de lloguer - Escapa-t","og_description":"[vc_row][vc_column][vc_column_text]CONDITIONS G\u00c9NERALES DE LOCATION PAR CE CONTRAT, LE PROPRI\u00c9TAIRE ( SERGIO VALLS BISBAL 38451484 S) IL LOUE AU LOCATAIRE ( NOMBRE DEL CLIENTE ), LE CAMPING-CAR D\u00c9CRIT. LA SIGNATURE DU CONTRAT DE LOCATION IMPLIQUE L\u00b4ACCEPTATION DE CHACUNE DES CONDITIONS SUIVANTES. Le montant total de la location contract\u00e9e doit \u00eatre pay\u00e9 avant le d\u00e9part, en esp\u00e8ces,&hellip; Continue Reading Condicions generals de lloguer","og_url":"https:\/\/escapa-t.com\/fr\/condicions-generals-de-lloguer\/","og_site_name":"Escapa-t","article_modified_time":"2025-03-17T11:21:57+00:00","twitter_card":"summary_large_image","twitter_misc":{"Dur\u00e9e de lecture estim\u00e9e":"9 minutes"},"schema":{"@context":"https:\/\/schema.org","@graph":[{"@type":"WebPage","@id":"https:\/\/escapa-t.com\/fr\/condicions-generals-de-lloguer\/","url":"https:\/\/escapa-t.com\/fr\/condicions-generals-de-lloguer\/","name":"Condicions generals de lloguer - Escapa-t","isPartOf":{"@id":"https:\/\/escapa-t.com\/#website"},"datePublished":"2021-02-24T14:16:36+00:00","dateModified":"2025-03-17T11:21:57+00:00","breadcrumb":{"@id":"https:\/\/escapa-t.com\/fr\/condicions-generals-de-lloguer\/#breadcrumb"},"inLanguage":"fr-FR","potentialAction":[{"@type":"ReadAction","target":["https:\/\/escapa-t.com\/fr\/condicions-generals-de-lloguer\/"]}]},{"@type":"BreadcrumbList","@id":"https:\/\/escapa-t.com\/fr\/condicions-generals-de-lloguer\/#breadcrumb","itemListElement":[{"@type":"ListItem","position":1,"name":"Inici","item":"https:\/\/escapa-t.com\/fr\/"},{"@type":"ListItem","position":2,"name":"Condicions generals de lloguer"}]},{"@type":"WebSite","@id":"https:\/\/escapa-t.com\/#website","url":"https:\/\/escapa-t.com\/","name":"Escapa-t","description":"Lloguer d&#039;autocaravanes","potentialAction":[{"@type":"SearchAction","target":{"@type":"EntryPoint","urlTemplate":"https:\/\/escapa-t.com\/?s={search_term_string}"},"query-input":{"@type":"PropertyValueSpecification","valueRequired":true,"valueName":"search_term_string"}}],"inLanguage":"fr-FR"}]}},"_links":{"self":[{"href":"https:\/\/escapa-t.com\/fr\/wp-json\/wp\/v2\/pages\/2483","targetHints":{"allow":["GET"]}}],"collection":[{"href":"https:\/\/escapa-t.com\/fr\/wp-json\/wp\/v2\/pages"}],"about":[{"href":"https:\/\/escapa-t.com\/fr\/wp-json\/wp\/v2\/types\/page"}],"author":[{"embeddable":true,"href":"https:\/\/escapa-t.com\/fr\/wp-json\/wp\/v2\/users\/1"}],"replies":[{"embeddable":true,"href":"https:\/\/escapa-t.com\/fr\/wp-json\/wp\/v2\/comments?post=2483"}],"version-history":[{"count":5,"href":"https:\/\/escapa-t.com\/fr\/wp-json\/wp\/v2\/pages\/2483\/revisions"}],"predecessor-version":[{"id":4213,"href":"https:\/\/escapa-t.com\/fr\/wp-json\/wp\/v2\/pages\/2483\/revisions\/4213"}],"wp:attachment":[{"href":"https:\/\/escapa-t.com\/fr\/wp-json\/wp\/v2\/media?parent=2483"}],"curies":[{"name":"wp","href":"https:\/\/api.w.org\/{rel}","templated":true}]}}