{"id":2478,"date":"2019-12-12T09:25:07","date_gmt":"2019-12-12T09:25:07","guid":{"rendered":"https:\/\/escapa-t.com\/empresa\/"},"modified":"2023-01-16T11:07:10","modified_gmt":"2023-01-16T10:07:10","slug":"compagnie","status":"publish","type":"page","link":"https:\/\/escapa-t.com\/fr\/compagnie\/","title":{"rendered":"Compagnie"},"content":{"rendered":"<div class=\"wpb-content-wrapper\"><p>[vc_row][vc_column width=\"1\/3\"][vc_single_image image=\"2148\" img_size=\"full\"][\/vc_column][vc_column width=\"2\/3\"]<div id=\"ultimate-heading-558069e33eeaaf829\" class=\"uvc-heading ult-adjust-bottom-margin ultimate-heading-558069e33eeaaf829 uvc-5632  uvc-heading-default-font-sizes\" data-hspacer=\"no_spacer\"  data-halign=\"left\" style=\"text-align:left\"><div class=\"uvc-heading-spacer no_spacer\" style=\"top\"><\/div><div class=\"uvc-main-heading ult-responsive\"  data-ultimate-target='.uvc-heading.ultimate-heading-558069e33eeaaf829 h3'  data-responsive-json-new='{\"font-size\":\"\",\"line-height\":\"\"}' ><h3 style=\"--font-weight:theme;margin-bottom:20px;\">QUI SOMMES-NOUS?<\/h3><\/div><div class=\"uvc-sub-heading ult-responsive\"  data-ultimate-target='.uvc-heading.ultimate-heading-558069e33eeaaf829 .uvc-sub-heading '  data-responsive-json-new='{\"font-size\":\"\",\"line-height\":\"\"}'  style=\"font-weight:normal;margin-bottom:40px;\">Nous sommes une entreprise\u00a0 d\u00e9di\u00e9e \u00e0 la location de camping-cars de qualit\u00e9 et qui est n\u00e9 avec l'illusion de faire partie de le v\u00f4tre pour voyager en libert\u00e9 que ce soit pour la premi\u00e8re tois ou si vous avez d\u00e9j\u00e0 v\u00e9cu cette exp\u00e9rience. Nous aimerions faire partie de vos souvenirs.<\/p>\n<p>Nous sommes tr\u00e8s attach\u00e9s a l'environnement, tous nos v\u00e9hicles sont conformes aux r\u00e9glementations environnemen tales, pour \u00e7a, peut circuler dans toutes les villes de l'EU<\/div><\/div>[vc_separator css=\".vc_custom_1614349765069{padding-bottom: 40px !important;}\"]<div id=\"ultimate-heading-738169e33eeaaf8be\" class=\"uvc-heading ult-adjust-bottom-margin ultimate-heading-738169e33eeaaf8be uvc-8819  uvc-heading-default-font-sizes\" data-hspacer=\"no_spacer\"  data-halign=\"left\" style=\"text-align:left\"><div class=\"uvc-heading-spacer no_spacer\" style=\"top\"><\/div><div class=\"uvc-main-heading ult-responsive\"  data-ultimate-target='.uvc-heading.ultimate-heading-738169e33eeaaf8be h3'  data-responsive-json-new='{\"font-size\":\"\",\"line-height\":\"\"}' ><h3 style=\"--font-weight:theme;margin-bottom:20px;\">O\u00d9 SOMMES-NOUS?<\/h3><\/div><div class=\"uvc-sub-heading ult-responsive\"  data-ultimate-target='.uvc-heading.ultimate-heading-738169e33eeaaf8be .uvc-sub-heading '  data-responsive-json-new='{\"font-size\":\"\",\"line-height\":\"\"}'  style=\"font-weight:normal;margin-bottom:40px;\">ESCAPA-T est situ\u00e9 \u00e0 C-35 au rond-point d'acces \u00e0 la ville de Gualba dans la rue (de la Riera s\/n), juste \u00e0 c\u00f4t\u00e9 de la station-service BP, nous avons un entrep\u00f4t a\u00f9 nos clients peuvent sauvegarder la voiture pendant la location.<\/p>\n<p>ESCAPA\u2019T TONA est situ\u00e9 \u00e0 C-17 Km 49,5 08551 de Tona.<\/div><\/div>[\/vc_column][\/vc_row]<\/p>\n<\/div>","protected":false},"excerpt":{"rendered":"<p>[vc_row][vc_column width=\"1\/3\"][vc_single_image image=\"2148\" img_size=\"full\"][\/vc_column][vc_column width=\"2\/3\"][vc_separator css=\".vc_custom_1614349765069{padding-bottom: 40px !important;}\"][\/vc_column][\/vc_row]<\/p>\n","protected":false},"author":1,"featured_media":0,"parent":0,"menu_order":0,"comment_status":"closed","ping_status":"closed","template":"","meta":{"footnotes":""},"class_list":["post-2478","page","type-page","status-publish","hentry","description-off"],"yoast_head":"<!-- This site is optimized with the Yoast SEO plugin v26.4 - https:\/\/yoast.com\/wordpress\/plugins\/seo\/ -->\n<title>Compagnie - Escapa-t<\/title>\n<meta name=\"robots\" content=\"index, follow, max-snippet:-1, max-image-preview:large, max-video-preview:-1\" \/>\n<link rel=\"canonical\" href=\"https:\/\/escapa-t.com\/fr\/compagnie\/\" \/>\n<meta property=\"og:locale\" content=\"fr_FR\" \/>\n<meta property=\"og:type\" content=\"article\" \/>\n<meta property=\"og:title\" content=\"Compagnie - Escapa-t\" \/>\n<meta property=\"og:description\" content=\"[vc_row][vc_column width=&quot;1\/3&quot;][vc_single_image image=&quot;2148&quot; img_size=&quot;full&quot;][\/vc_column][vc_column width=&quot;2\/3&quot;][vc_separator css=&quot;.vc_custom_1614349765069{padding-bottom: 40px !important;}&quot;][\/vc_column][\/vc_row]\" \/>\n<meta property=\"og:url\" content=\"https:\/\/escapa-t.com\/fr\/compagnie\/\" \/>\n<meta property=\"og:site_name\" content=\"Escapa-t\" \/>\n<meta property=\"article:modified_time\" content=\"2023-01-16T10:07:10+00:00\" \/>\n<meta name=\"twitter:card\" content=\"summary_large_image\" \/>\n<meta name=\"twitter:label1\" content=\"Dur\u00e9e de lecture estim\u00e9e\" \/>\n\t<meta name=\"twitter:data1\" content=\"1 minute\" \/>\n<script type=\"application\/ld+json\" class=\"yoast-schema-graph\">{\"@context\":\"https:\/\/schema.org\",\"@graph\":[{\"@type\":\"WebPage\",\"@id\":\"https:\/\/escapa-t.com\/fr\/compagnie\/\",\"url\":\"https:\/\/escapa-t.com\/fr\/compagnie\/\",\"name\":\"Compagnie - Escapa-t\",\"isPartOf\":{\"@id\":\"https:\/\/escapa-t.com\/#website\"},\"datePublished\":\"2019-12-12T09:25:07+00:00\",\"dateModified\":\"2023-01-16T10:07:10+00:00\",\"breadcrumb\":{\"@id\":\"https:\/\/escapa-t.com\/fr\/compagnie\/#breadcrumb\"},\"inLanguage\":\"fr-FR\",\"potentialAction\":[{\"@type\":\"ReadAction\",\"target\":[\"https:\/\/escapa-t.com\/fr\/compagnie\/\"]}]},{\"@type\":\"BreadcrumbList\",\"@id\":\"https:\/\/escapa-t.com\/fr\/compagnie\/#breadcrumb\",\"itemListElement\":[{\"@type\":\"ListItem\",\"position\":1,\"name\":\"Inici\",\"item\":\"https:\/\/escapa-t.com\/fr\/\"},{\"@type\":\"ListItem\",\"position\":2,\"name\":\"Compagnie\"}]},{\"@type\":\"WebSite\",\"@id\":\"https:\/\/escapa-t.com\/#website\",\"url\":\"https:\/\/escapa-t.com\/\",\"name\":\"Escapa-t\",\"description\":\"Lloguer d&#039;autocaravanes\",\"potentialAction\":[{\"@type\":\"SearchAction\",\"target\":{\"@type\":\"EntryPoint\",\"urlTemplate\":\"https:\/\/escapa-t.com\/?s={search_term_string}\"},\"query-input\":{\"@type\":\"PropertyValueSpecification\",\"valueRequired\":true,\"valueName\":\"search_term_string\"}}],\"inLanguage\":\"fr-FR\"}]}<\/script>\n<!-- \/ Yoast SEO plugin. -->","yoast_head_json":{"title":"Compagnie - Escapa-t","robots":{"index":"index","follow":"follow","max-snippet":"max-snippet:-1","max-image-preview":"max-image-preview:large","max-video-preview":"max-video-preview:-1"},"canonical":"https:\/\/escapa-t.com\/fr\/compagnie\/","og_locale":"fr_FR","og_type":"article","og_title":"Compagnie - Escapa-t","og_description":"[vc_row][vc_column width=\"1\/3\"][vc_single_image image=\"2148\" img_size=\"full\"][\/vc_column][vc_column width=\"2\/3\"][vc_separator css=\".vc_custom_1614349765069{padding-bottom: 40px !important;}\"][\/vc_column][\/vc_row]","og_url":"https:\/\/escapa-t.com\/fr\/compagnie\/","og_site_name":"Escapa-t","article_modified_time":"2023-01-16T10:07:10+00:00","twitter_card":"summary_large_image","twitter_misc":{"Dur\u00e9e de lecture estim\u00e9e":"1 minute"},"schema":{"@context":"https:\/\/schema.org","@graph":[{"@type":"WebPage","@id":"https:\/\/escapa-t.com\/fr\/compagnie\/","url":"https:\/\/escapa-t.com\/fr\/compagnie\/","name":"Compagnie - Escapa-t","isPartOf":{"@id":"https:\/\/escapa-t.com\/#website"},"datePublished":"2019-12-12T09:25:07+00:00","dateModified":"2023-01-16T10:07:10+00:00","breadcrumb":{"@id":"https:\/\/escapa-t.com\/fr\/compagnie\/#breadcrumb"},"inLanguage":"fr-FR","potentialAction":[{"@type":"ReadAction","target":["https:\/\/escapa-t.com\/fr\/compagnie\/"]}]},{"@type":"BreadcrumbList","@id":"https:\/\/escapa-t.com\/fr\/compagnie\/#breadcrumb","itemListElement":[{"@type":"ListItem","position":1,"name":"Inici","item":"https:\/\/escapa-t.com\/fr\/"},{"@type":"ListItem","position":2,"name":"Compagnie"}]},{"@type":"WebSite","@id":"https:\/\/escapa-t.com\/#website","url":"https:\/\/escapa-t.com\/","name":"Escapa-t","description":"Lloguer d&#039;autocaravanes","potentialAction":[{"@type":"SearchAction","target":{"@type":"EntryPoint","urlTemplate":"https:\/\/escapa-t.com\/?s={search_term_string}"},"query-input":{"@type":"PropertyValueSpecification","valueRequired":true,"valueName":"search_term_string"}}],"inLanguage":"fr-FR"}]}},"_links":{"self":[{"href":"https:\/\/escapa-t.com\/fr\/wp-json\/wp\/v2\/pages\/2478","targetHints":{"allow":["GET"]}}],"collection":[{"href":"https:\/\/escapa-t.com\/fr\/wp-json\/wp\/v2\/pages"}],"about":[{"href":"https:\/\/escapa-t.com\/fr\/wp-json\/wp\/v2\/types\/page"}],"author":[{"embeddable":true,"href":"https:\/\/escapa-t.com\/fr\/wp-json\/wp\/v2\/users\/1"}],"replies":[{"embeddable":true,"href":"https:\/\/escapa-t.com\/fr\/wp-json\/wp\/v2\/comments?post=2478"}],"version-history":[{"count":3,"href":"https:\/\/escapa-t.com\/fr\/wp-json\/wp\/v2\/pages\/2478\/revisions"}],"predecessor-version":[{"id":3516,"href":"https:\/\/escapa-t.com\/fr\/wp-json\/wp\/v2\/pages\/2478\/revisions\/3516"}],"wp:attachment":[{"href":"https:\/\/escapa-t.com\/fr\/wp-json\/wp\/v2\/media?parent=2478"}],"curies":[{"name":"wp","href":"https:\/\/api.w.org\/{rel}","templated":true}]}}