{"id":2493,"date":"2021-02-24T11:56:52","date_gmt":"2021-02-24T10:56:52","guid":{"rendered":"https:\/\/escapa-t.com\/politica-de-cookies\/"},"modified":"2021-03-16T14:47:11","modified_gmt":"2021-03-16T13:47:11","slug":"politica-de-cookies","status":"publish","type":"page","link":"https:\/\/escapa-t.com\/es\/politica-de-cookies\/","title":{"rendered":"Pol\u00edtica de cookies"},"content":{"rendered":"<div class=\"wpb-content-wrapper\"><p>[vc_row][vc_column][vc_column_text]<\/p>\n<h3>\u00bfQu\u00e9 es una \u2018cookie\u2019?<\/h3>\n<p>Una cookie es un peque\u00f1o archivo que se descarga en el terminal del usuario, al acceder a determinadas p\u00e1ginas web. Estos archivos permiten a una p\u00e1gina web entre otras cosas, almacenar y recuperar informaci\u00f3n sobre los h\u00e1bitos de navegaci\u00f3n de un usuario o de su equipo, como el idioma y las opciones preferidas, lo que puede facilitar.<\/p>\n<p>Las cookies son esenciales para el funcionamiento de Internet, aportando innumerables ventajas en la prestaci\u00f3n de servicios interactivos, facilit\u00e1ndole la navegaci\u00f3n y usabilidad de la web. Las cookies no pueden da\u00f1ar su equipo y que est\u00e9n activadas ayuda a identificar y resolver los errores.<\/p>\n<p>Sin embargo, nuestros cookies no obtienen datos de \u00e1mbito personal como puedan a, nombre, apellidos, direcci\u00f3n postal u otros datos an\u00e1logos del usuario.<\/p>\n<h3 class=\"fusion-responsive-typography-calculated\" data-fontsize=\"22\" data-lineheight=\"33px\">Cookies utilizades en este sitio web<\/h3>\n<p>Siguiendo las directrices de la Agencia Espa\u00f1ola de Protecci\u00f3n de Datos procedemos a detallar el uso de cookies que hace esta web con el fin de informarle con la m\u00e1xima exactitud posible. Este sitio web utiliza las siguientes cookies propias:<\/p>\n<ul>\n<li>Cookies de sesi\u00f3n, para garantizar que los usuarios que escriban comentarios en el blog sean humanos y no aplicaciones automatizadas. De esta forma se combate el spam.<\/li>\n<\/ul>\n<p>Este sitio web utiliza las siguientes cookies de terceros:<\/p>\n<ul>\n<li>Google Analytics: Almacena cookies para poder elaborar estad\u00edsticas sobre el tr\u00e1fico y volumen de visitas de esta web. Al utilizar este sitio web est\u00e1 consintiendo el tratamiento de informaci\u00f3n acerca de Usted por Google. Por lo tanto, el ejercicio de cualquier derecho en este sentido deber\u00e1 hacerlo comunic\u00e1ndose directamente con Google.<\/li>\n<li>Redes sociales: Cada red social utiliza sus propias cookies para que usted pueda pinchar en botones del tipo Me gusta o Compartir.<\/li>\n<\/ul>\n<h3 class=\"fusion-responsive-typography-calculated\" data-fontsize=\"22\" data-lineheight=\"33px\">Desactivaci\u00f3n o eliminaci\u00f3n de cookies<\/h3>\n<p>En cualquier momento podr\u00e1 ejercer su derecho de desactivaci\u00f3n o eliminaci\u00f3n de cookies de este sitio web. Estas acciones se realizan de forma diferente en funci\u00f3n del navegador que est\u00e9 usando.<\/p>\n<p>Puede usted permitir, bloquear o eliminar las cookies instaladas en su equipo mediante la configuraci\u00f3n de las opciones de su navegador. Puede encontrar informaci\u00f3n sobre c\u00f3mo hacerlo, en relaci\u00f3n con los navegadores m\u00e1s comunes, en los links que se incluyen a continuaci\u00f3n:<\/p>\n<p><strong>Internet Explorer:<\/strong><\/p>\n<p>Versi\u00f3n 5<br \/>\n<a href=\"http:\/\/support.microsoft.com\/kb\/196955\/es\">http:\/\/support.microsoft.com\/kb\/196955\/es<\/a><\/p>\n<p>Versi\u00f3n 6<br \/>\n<a href=\"http:\/\/support.microsoft.com\/kb\/283185\/es\">http:\/\/support.microsoft.com\/kb\/283185\/es<\/a><\/p>\n<p>Versi\u00f3n 7 i 8<br \/>\n<a href=\"http:\/\/windows.microsoft.com\/es-ES\/windows-vista\/Block-or-allow-cookies\">http:\/\/windows.microsoft.com\/es-es\/windows-vista\/block-or-allow-cookies<\/a><\/p>\n<p>Versi\u00f3n 9<br \/>\n<a href=\"http:\/\/windows.microsoft.com\/es-ES\/windows7\/How-to-manage-cookies-in-Internet-Explorer-9\">http:\/\/windows.microsoft.com\/es-es\/windows7\/how-to-manage-cookies-in-internet-explorer-9<\/a><\/p>\n<p><strong>Safari:<\/strong><br \/>\n<a href=\"http:\/\/support.apple.com\/kb\/PH5042?viewlocale=es_ES\">http:\/\/support.apple.com\/kb\/ph5042?viewlocale=es_es<\/a> <a href=\"http:\/\/support.apple.com\/kb\/HT1677?viewlocale=es_ES\">http:\/\/support.apple.com\/kb\/ht1677?viewlocale=es_es<\/a><\/p>\n<p><strong>Google:<\/strong><\/p>\n<p><a href=\"https:\/\/support.google.com\/chrome\/answer\/95647?hl=es&amp;hlrm=en\">https:\/\/support.google.com\/chrome\/answer\/95647?hl=es&amp;hlrm=en<\/a><\/p>\n<p><strong>Firefox:<\/strong><br \/>\n<a href=\"http:\/\/support.mozilla.org\/es\/kb\/cookies-informacion-que-los-sitios-web-guardan-en-?redirectlocale=en-US&amp;redirectslug=Cookies\">http:\/\/support.mozilla.org\/es\/kb\/cookies-informacion-que-los-sitios-web-guardan-en-?redirectlocale=en-us&amp;redirectslug=Cookies<\/a><\/p>\n<p><strong>Opera:<\/strong><br \/>\n<a href=\"http:\/\/help.opera.com\/Windows\/11.50\/es-ES\/cookies.html\">http:\/\/help.opera.com\/windows\/11.50\/es-es\/cookies.html<\/a><\/p>\n<p><strong>Android<\/strong><br \/>\n<a href=\"http:\/\/support.google.com\/android\/?hl=es\">http:\/\/support.google.com\/android\/?hl=es<\/a><\/p>\n<p><strong>Windows Phone<\/strong><br \/>\n<a href=\"http:\/\/www.windowsphone.com\/es-ES\/how-to\/wp7\/web\/changing-privacy-and-other-browser-settings\">http:\/\/www.windowsphone.com\/es-es\/how-to\/wp7\/web\/changing-privacy-and-other-browser-settings<\/a><\/p>\n<p><strong>Blackberry<\/strong><br \/>\n<a href=\"http:\/\/docs.blackberry.com\/en\/smartphone_users\/deliverables\/18578\/Turn_off_cookies_in_the_browser_60_1072866_11.jsp\">http:\/\/docs.blackberry.com\/en\/smartphone_users\/deliverables\/18578\/turn_off_cookies_in_the_browser_60_1072866_11.jsp<\/a><\/p>\n<p>Le informamos, sin embargo, de la posibilidad de que la desactivaci\u00f3n de alguna cookie impida o dificulte la navegaci\u00f3n o la prestaci\u00f3n de los servicios ofrecidos en esta Web.[\/vc_column_text][\/vc_column][\/vc_row]<\/p>\n<\/div>","protected":false},"excerpt":{"rendered":"<p>[vc_row][vc_column][vc_column_text] \u00bfQu\u00e9 es una \u2018cookie\u2019? Una cookie es un peque\u00f1o archivo que se descarga en el terminal del usuario, al acceder a determinadas p\u00e1ginas web. Estos archivos permiten a una p\u00e1gina web entre otras cosas, almacenar y recuperar informaci\u00f3n sobre los h\u00e1bitos de navegaci\u00f3n de un usuario o de su equipo, como el idioma y&hellip; <a class=\"continue\" href=\"https:\/\/escapa-t.com\/es\/politica-de-cookies\/\">Continue Reading<span> Pol\u00edtica de cookies<\/span><\/a><\/p>\n","protected":false},"author":1,"featured_media":0,"parent":0,"menu_order":0,"comment_status":"closed","ping_status":"closed","template":"","meta":{"footnotes":""},"class_list":["post-2493","page","type-page","status-publish","hentry","description-off"],"yoast_head":"<!-- This site is optimized with the Yoast SEO plugin v27.5 - https:\/\/yoast.com\/product\/yoast-seo-wordpress\/ -->\n<title>Pol\u00edtica de cookies - Escapa-t<\/title>\n<meta name=\"robots\" content=\"index, follow, max-snippet:-1, max-image-preview:large, max-video-preview:-1\" \/>\n<link rel=\"canonical\" href=\"https:\/\/escapa-t.com\/es\/politica-de-cookies\/\" \/>\n<meta property=\"og:locale\" content=\"es_ES\" \/>\n<meta property=\"og:type\" content=\"article\" \/>\n<meta property=\"og:title\" content=\"Pol\u00edtica de cookies - Escapa-t\" \/>\n<meta property=\"og:description\" content=\"[vc_row][vc_column][vc_column_text] \u00bfQu\u00e9 es una \u2018cookie\u2019? Una cookie es un peque\u00f1o archivo que se descarga en el terminal del usuario, al acceder a determinadas p\u00e1ginas web. Estos archivos permiten a una p\u00e1gina web entre otras cosas, almacenar y recuperar informaci\u00f3n sobre los h\u00e1bitos de navegaci\u00f3n de un usuario o de su equipo, como el idioma y&hellip; Continue Reading Pol\u00edtica de cookies\" \/>\n<meta property=\"og:url\" content=\"https:\/\/escapa-t.com\/es\/politica-de-cookies\/\" \/>\n<meta property=\"og:site_name\" content=\"Escapa-t\" \/>\n<meta property=\"article:modified_time\" content=\"2021-03-16T13:47:11+00:00\" \/>\n<meta name=\"twitter:card\" content=\"summary_large_image\" \/>\n<meta name=\"twitter:label1\" content=\"Tiempo de lectura\" \/>\n\t<meta name=\"twitter:data1\" content=\"3 minutos\" \/>\n<script type=\"application\/ld+json\" class=\"yoast-schema-graph\">{\"@context\":\"https:\\\/\\\/schema.org\",\"@graph\":[{\"@type\":\"WebPage\",\"@id\":\"https:\\\/\\\/escapa-t.com\\\/es\\\/politica-de-cookies\\\/\",\"url\":\"https:\\\/\\\/escapa-t.com\\\/es\\\/politica-de-cookies\\\/\",\"name\":\"Pol\u00edtica de cookies - Escapa-t\",\"isPartOf\":{\"@id\":\"https:\\\/\\\/escapa-t.com\\\/#website\"},\"datePublished\":\"2021-02-24T10:56:52+00:00\",\"dateModified\":\"2021-03-16T13:47:11+00:00\",\"breadcrumb\":{\"@id\":\"https:\\\/\\\/escapa-t.com\\\/es\\\/politica-de-cookies\\\/#breadcrumb\"},\"inLanguage\":\"es\",\"potentialAction\":[{\"@type\":\"ReadAction\",\"target\":[\"https:\\\/\\\/escapa-t.com\\\/es\\\/politica-de-cookies\\\/\"]}]},{\"@type\":\"BreadcrumbList\",\"@id\":\"https:\\\/\\\/escapa-t.com\\\/es\\\/politica-de-cookies\\\/#breadcrumb\",\"itemListElement\":[{\"@type\":\"ListItem\",\"position\":1,\"name\":\"Inici\",\"item\":\"https:\\\/\\\/escapa-t.com\\\/es\\\/\"},{\"@type\":\"ListItem\",\"position\":2,\"name\":\"Pol\u00edtica de cookies\"}]},{\"@type\":\"WebSite\",\"@id\":\"https:\\\/\\\/escapa-t.com\\\/#website\",\"url\":\"https:\\\/\\\/escapa-t.com\\\/\",\"name\":\"Escapa-t\",\"description\":\"Lloguer d&#039;autocaravanes\",\"potentialAction\":[{\"@type\":\"SearchAction\",\"target\":{\"@type\":\"EntryPoint\",\"urlTemplate\":\"https:\\\/\\\/escapa-t.com\\\/?s={search_term_string}\"},\"query-input\":{\"@type\":\"PropertyValueSpecification\",\"valueRequired\":true,\"valueName\":\"search_term_string\"}}],\"inLanguage\":\"es\"}]}<\/script>\n<!-- \/ Yoast SEO plugin. -->","yoast_head_json":{"title":"Pol\u00edtica de cookies - Escapa-t","robots":{"index":"index","follow":"follow","max-snippet":"max-snippet:-1","max-image-preview":"max-image-preview:large","max-video-preview":"max-video-preview:-1"},"canonical":"https:\/\/escapa-t.com\/es\/politica-de-cookies\/","og_locale":"es_ES","og_type":"article","og_title":"Pol\u00edtica de cookies - Escapa-t","og_description":"[vc_row][vc_column][vc_column_text] \u00bfQu\u00e9 es una \u2018cookie\u2019? Una cookie es un peque\u00f1o archivo que se descarga en el terminal del usuario, al acceder a determinadas p\u00e1ginas web. Estos archivos permiten a una p\u00e1gina web entre otras cosas, almacenar y recuperar informaci\u00f3n sobre los h\u00e1bitos de navegaci\u00f3n de un usuario o de su equipo, como el idioma y&hellip; Continue Reading Pol\u00edtica de cookies","og_url":"https:\/\/escapa-t.com\/es\/politica-de-cookies\/","og_site_name":"Escapa-t","article_modified_time":"2021-03-16T13:47:11+00:00","twitter_card":"summary_large_image","twitter_misc":{"Tiempo de lectura":"3 minutos"},"schema":{"@context":"https:\/\/schema.org","@graph":[{"@type":"WebPage","@id":"https:\/\/escapa-t.com\/es\/politica-de-cookies\/","url":"https:\/\/escapa-t.com\/es\/politica-de-cookies\/","name":"Pol\u00edtica de cookies - Escapa-t","isPartOf":{"@id":"https:\/\/escapa-t.com\/#website"},"datePublished":"2021-02-24T10:56:52+00:00","dateModified":"2021-03-16T13:47:11+00:00","breadcrumb":{"@id":"https:\/\/escapa-t.com\/es\/politica-de-cookies\/#breadcrumb"},"inLanguage":"es","potentialAction":[{"@type":"ReadAction","target":["https:\/\/escapa-t.com\/es\/politica-de-cookies\/"]}]},{"@type":"BreadcrumbList","@id":"https:\/\/escapa-t.com\/es\/politica-de-cookies\/#breadcrumb","itemListElement":[{"@type":"ListItem","position":1,"name":"Inici","item":"https:\/\/escapa-t.com\/es\/"},{"@type":"ListItem","position":2,"name":"Pol\u00edtica de cookies"}]},{"@type":"WebSite","@id":"https:\/\/escapa-t.com\/#website","url":"https:\/\/escapa-t.com\/","name":"Escapa-t","description":"Lloguer d&#039;autocaravanes","potentialAction":[{"@type":"SearchAction","target":{"@type":"EntryPoint","urlTemplate":"https:\/\/escapa-t.com\/?s={search_term_string}"},"query-input":{"@type":"PropertyValueSpecification","valueRequired":true,"valueName":"search_term_string"}}],"inLanguage":"es"}]}},"_links":{"self":[{"href":"https:\/\/escapa-t.com\/es\/wp-json\/wp\/v2\/pages\/2493","targetHints":{"allow":["GET"]}}],"collection":[{"href":"https:\/\/escapa-t.com\/es\/wp-json\/wp\/v2\/pages"}],"about":[{"href":"https:\/\/escapa-t.com\/es\/wp-json\/wp\/v2\/types\/page"}],"author":[{"embeddable":true,"href":"https:\/\/escapa-t.com\/es\/wp-json\/wp\/v2\/users\/1"}],"replies":[{"embeddable":true,"href":"https:\/\/escapa-t.com\/es\/wp-json\/wp\/v2\/comments?post=2493"}],"version-history":[{"count":1,"href":"https:\/\/escapa-t.com\/es\/wp-json\/wp\/v2\/pages\/2493\/revisions"}],"predecessor-version":[{"id":2538,"href":"https:\/\/escapa-t.com\/es\/wp-json\/wp\/v2\/pages\/2493\/revisions\/2538"}],"wp:attachment":[{"href":"https:\/\/escapa-t.com\/es\/wp-json\/wp\/v2\/media?parent=2493"}],"curies":[{"name":"wp","href":"https:\/\/api.w.org\/{rel}","templated":true}]}}