{"id":2484,"date":"2021-02-24T15:16:36","date_gmt":"2021-02-24T14:16:36","guid":{"rendered":"https:\/\/escapa-t.com\/condicions-generals-de-lloguer\/"},"modified":"2025-03-17T12:19:29","modified_gmt":"2025-03-17T11:19:29","slug":"condiciones-generales-de-alquiler","status":"publish","type":"page","link":"https:\/\/escapa-t.com\/es\/condiciones-generales-de-alquiler\/","title":{"rendered":"Condiciones generales de alquiler"},"content":{"rendered":"<div class=\"wpb-content-wrapper\"><p>[vc_row][vc_column][vc_column_text]<strong>CONDICIONES GENERALES DE ALQUILER POR EL PRESENTE CONTRATO, EL ARRENDADOR (SERGIO VALLS BISBAL\u00a0 38451484S) ARRIENDA AL ARRENDATARIO (EL CLIENTE), LA AUTOCARAVANA DESCRITA.<\/strong><br \/>\n<strong>LA FIRMA DEL CONTRATO DE ALQUILER SUPONE LA ACEPTACI\u00d3N DE TODAS Y CADA UNA DE LAS SIGUIENTES CONDICIONES:<\/strong><\/p>\n<ol>\n<li>El importe total del alquiler contratado deber\u00e1 ser abonado antes de la salida, mediante dinero en efectivo, tarjeta o transferencia bancaria. As\u00ed mismo se depositar\u00e1 una fianza por un importe de 1.000,00 \u20ac. La fianza ser\u00e1 devuelta despu\u00e9s de ser examinado el veh\u00edculo por un responsable de la empresa, el cual, en caso de desperfectos por mal uso dictaminar\u00e1 el importe que el cliente deber\u00e1 abonar, que ser\u00e1 deducido de la fianza, aceptando el pago de la diferencia si el coste de los desperfectos superan el valor de la fianza depositada. La fianza ser\u00e1 devuelta por transferencia bancaria en un plazo m\u00e1ximo de 7 d\u00edas.<\/li>\n<li>El conductor o conductores del veh\u00edculo, deber\u00e1n ser mayores de 25 a\u00f1os y estar en posesi\u00f3n del permiso de conducir clase B, con m\u00e1s de 2 a\u00f1os de antig\u00fcedad. En caso de no ser residente de la UE deber\u00e1 estar en posesi\u00f3n del permiso de conducir internacional en vigor.<\/li>\n<li>S\u00f3lo est\u00e1n autorizados a conducir la persona o personas identificadas y aceptadas por el arrendador y que est\u00e9n reflejadas en este contrato. El arrendatario responder\u00e1 personal y solidariamente por las personas que conduzcan el veh\u00edculo durante el alquiler.<\/li>\n<li>El servicio de reserva de veh\u00edculo ser\u00e1 v\u00e1lido para la categor\u00eda especificada y siempre sujeto a disponibilidad. Si la informaci\u00f3n presentada por el arrendatario es insuficiente o no puede ser convenientemente comprobada, el alquiler ser\u00e1 denegado.<\/li>\n<li>El arrendador garantiza una categor\u00eda de veh\u00edculo, nunca un modelo en concreto.<\/li>\n<li>Los d\u00edas de alquiler computar\u00e1n por per\u00edodos de 24 horas a contar desde la hora exacta en que el arrendatario haya alquilado el veh\u00edculo y hasta la recepci\u00f3n del veh\u00edculo, sus llaves y su documentaci\u00f3n por parte del arrendador.<\/li>\n<li>El arrendatario debe llevar siempre consigo su ejemplar del contrato de alquiler durante la duraci\u00f3n d el mismo.<\/li>\n<li>Las tarifas podr\u00e1n variar en funci\u00f3n de la duraci\u00f3n y est\u00e1n sujetas a cambios.<\/li>\n<li>No proceder\u00e1 por parte del cliente exigir indemnizaci\u00f3n alguna si por motivos de fuerza mayor, motivos fortuitos o ajenos al arrendador no se pudiera entregar el veh\u00edculo en la fecha convenida, salvo a la devoluci\u00f3n de la cantidad pagada en concepto de reserva. En caso de que el arrendatario por propia decisi\u00f3n unilateral inicie con retraso o termine anticipadamente el alquiler, no tendr\u00e1 derecho a reembolso alguno.<\/li>\n<li>La entrega y devoluci\u00f3n del veh\u00edculo se efectuar\u00e1 en el lugar, fecha y hora acordada. El alquiler se considerar\u00e1 terminado cuando el veh\u00edculo y las llaves hayan sido recepcionadas por el arrendador. Los retrasos en la devoluci\u00f3n no autorizados ni debidos a fuerza mayor, ser\u00e1n penalizados con una tarifa diaria del triple de la cantidad aplicada en el contrato. El incumplimiento de la devoluci\u00f3n faculta al arrendador para hacerse cargo del veh\u00edculo o requerirlo judicialmente. Si el cliente quiere prolongar el arrendamiento sobre las fechas establecidas, deber\u00e1 comunicarlo con una antelaci\u00f3n de 3 d\u00edas a la finalizaci\u00f3n del contrato, la confirmaci\u00f3n de la pr\u00f3rroga estar\u00e1 sujeta a las disponibilidades de la arrendadora.<\/li>\n<li>Para alquileres de 2 d\u00edas se podr\u00e1n realizar un m\u00e1ximo de 600 km, 3 d\u00edas m\u00e1ximo 900 km, 4 d\u00edas m\u00e1ximo 1200 km, 5 d\u00edas m\u00e1ximo 1500 km, a partir de 6 d\u00edas no hay l\u00edmite de quilometraje, en caso de sobrepasar el l\u00edmite se cobrar\u00e1n 0.40 c\u00e9ntimos de euro por km. recorrido de m\u00e1s.<\/li>\n<li>El cliente ha revisado el veh\u00edculo y sus instalaciones antes de recepcionarlo y proceder a su pago y reconoce recibirlos a su plena satisfacci\u00f3n, por lo tanto, la aver\u00eda del veh\u00edculo o el mal funcionamiento del equipo durante el alquiler no dar\u00e1 derecho a ninguna indemnizaci\u00f3n, devoluci\u00f3n o descuento. Se anotan los da\u00f1os previos que se hayan identificado y cuando se devuelve el veh\u00edculo se revisa nuevamente, si aparecen da\u00f1os que no estaban, estos ser\u00e1n asumidos por el usuario.<\/li>\n<li>Se proh\u00edbe expresamente destinar el veh\u00edculo a cualquier actividad contraria a la moral, las leyes y las buenas costumbres. Queda prohibido transportar m\u00e1s n\u00famero de personas que la permitida por la ley, realizar carreras, concursos, transporte de mercanc\u00edas u objetos, est\u00e9n o no permitidos por nuestra legislaci\u00f3n, transitar fuera de la red viaria y en terrenos no adecuados y ceder su uso a t\u00edtulo oneroso o lucrativo, utilizarlo para empujar o remolcar otros veh\u00edculos o remolques. Queda prohibido conducir el veh\u00edculo en inferioridad de condiciones f\u00edsicas motivadas por el alcohol, drogas, medicamentos, fatiga o enfermedad. As\u00ed mismo el arrendatario recibe toda la documentaci\u00f3n exigible por la normativa vigente y est\u00e1 obligado a su exhibici\u00f3n cuando cualquier funcionario o agente de la autoridad le requiera a ello.<\/li>\n<li>El arrendador no se hace responsable de aquellas sanciones que pudieran producirse achacables a infracciones cometidas por el conductor as\u00ed como todas aquellas contravenciones al c\u00f3digo de la circulaci\u00f3n que pudieran producirse. Adem\u00e1s, se deber\u00e1 respetar siempre el l\u00edmite de peso indicado en la ficha t\u00e9cnica del veh\u00edculo. En el supuesto de que por su culpa fuese el veh\u00edcul o retenido o embargado, correr\u00eda adem\u00e1s con los gastos y el lucro cesante de la arrendadora durante el tiempo que dure la indisponibilidad del veh\u00edculo, aplic\u00e1ndose el importe por d\u00eda seg\u00fan el precio de alquiler.<\/li>\n<li>Es responsabilidad del arrendatario el uso y colocaci\u00f3n de los sistemas de retenci\u00f3n infantil.<\/li>\n<li>Cualquier accidente, colisi\u00f3n o da\u00f1o que afecte al veh\u00edculo, sea de la importancia que fuera, la comunicar\u00e1 el usuario a la arrendadora dentro de las 12 h. siguientes o cuando hubiese ocurrido, bajo pena de estar a lo que la compa\u00f1\u00eda aseguradora resuelva, alcanzando su responsabilidad a los prejuicios que la arrendadora pueda sufrir. Obligaci\u00f3n de cumplimentar la \u201cdeclaraci\u00f3n amistosa de accidentes\u201d y obtener todos los datos de la parte contraria y de los testigos. Cuando la culpa sea del contrario la fianza no se devolver\u00e1 hasta que la compa\u00f1\u00eda contraria acepte la responsabilidad y el pago de los da\u00f1os ocasionados.<\/li>\n<li>En caso de robo o hurto del veh\u00edculo se denunciar\u00e1 a la autoridad competente inmediatamente, comunic\u00e1ndolo y remitiendo c\u00f3pia de la den\u00fancia al arrendador en un plazo m\u00e1ximo de 24 horas, junto con las llaves del veh\u00edculo, quedando sin efecto en caso contrario los seguros y coberturas contratadas.<\/li>\n<li>Es obligaci\u00f3n del arrendatario detener lo antes posible el veh\u00edculo cuando estando en marcha se ilumine en el cuadro de instrumentos cualquiera de los testigos que detectan una anomal\u00eda de funcionamiento del veh\u00edculo o cuando perciba signos externos que indiquen averia o mal funcionamiento del mismo. En este caso el arrendatario deber\u00e1 contactar con el arrendador o con la compa\u00f1\u00eda de asistencia en carretera concertad a por el arrendador, y s\u00f3lo con \u00e9sta, debiendo dirigirse exclusivamente a un servicio oficial FIAT, salvo autorizaci\u00f3n expresa del arrendador. Bajo ninguna circunstancia abandonar\u00e0 el veh\u00edculo, siendo de su responsabilidad la repatriaci\u00f3n si fuera necesario a la direcci\u00f3n del arrendador, hasta ese momento el cliente se har\u00e1 cargo de todos los gastos.<\/li>\n<li>El veh\u00edculo s\u00f3lo est\u00e1 autorizado a circular por los pa\u00edses: Alemania, Andorra, Austria, B\u00e9lgica, Croacia, Rep. Checa, Chipre, Dinamarca, Estonia, Rep. Eslovaca, Eslovenia, Espa\u00f1a (excepto Ceuta y Melilla), Finlandia, Francia, Gran Breta\u00f1a, Grecia, Holanda, Hungr\u00eda, Irlanda, Islandia, Italia, Lituania, Luxemburgo, Noruega, Polonia, Portugal, Suecia y Suiza. Queda prohibido circular por cualquier pa\u00eds que se encuentre en guerra o conflictos b\u00e9licos.<\/li>\n<li>No se permite transportar el veh\u00edculo a bordo de cualquier tipo de barco, tren, cami\u00f3n o avi\u00f3n, salvo expresa autorizaci\u00f3n por escrito por parte del arrendador.<\/li>\n<li>En caso de aver\u00eda cuya reparaci\u00f3n no exceda de 60,00 \u20ac, el cliente directamente podr\u00e1 realizarla sin la previa autorizaci\u00f3n de la arrendadora, para aver\u00edas de importe superior deber\u00e1 solicitar autorizaci\u00f3n, siendo reembolsado su importe previa presentaci\u00f3n de factura o ficial emitida a nombre de SERGIO VALLS BISBAL c\/. de la Riera s\/n 08470 GUALBA, BARCELONA NIF: 38451484S. La rotura de neum\u00e1ticos y reparaci\u00f3n de pinchazos van a cargo del arrendatario.<\/li>\n<li>Se entrega el veh\u00edculo con el dep\u00f3sito lleno de combustible y ser\u00e1 devuelto en las mismas condiciones. En caso contrario, se facturar\u00e1 un suplemento de 10\u20ac adem\u00e1s del coste del carburante.<\/li>\n<li>El veh\u00edculo arrendado deber\u00e1 ser devuelto en buenas condiciones higi\u00e9nicas, con su interior limpio y con el WC y los dep\u00f3sitos de aguas residuales debidamente vaciados. En caso contrario, acepta el usuario el pago de la cantidad fija de 30,00 euros. En casos de suciedad especial como v\u00f3mitos, manchas de orina o tinta, barro, pelos de animales o olores desagradables entre otros, \u00e9ste cargo ser\u00e1 de 80 euros. El hecho de llenar el dep\u00f3sito de agua potable con diesel u otro combustible, implicar\u00e1 una penalizaci\u00f3n de 600,00 \u20ac. La p\u00e9rdida de llaves o documentaci\u00f3n tiene un coste de 500 \u20ac.<\/li>\n<li>Queda expresamente prohibido fumar en el interior del veh\u00edculo.<\/li>\n<li>El veh\u00edculo dispone de un seguro a todo riesgo con franquicia de 800,00 \u20ac. En caso de accidente o robo, el arrendatario se har\u00e1 cargo de dicho importe por siniestro. No quedan asegurados los objetos de dentro del veh\u00edculo depositados por el arrendatario.<\/li>\n<li>El siniestro, robo o aver\u00eda del veh\u00edculo no obliga al arrendador a poner a disposici\u00f3n del arrendatario un veh\u00edculo de sustituci\u00f3n. Cualquier cuesti\u00f3n derivada de la interpretaci\u00f3n del presente contrato, ambas partes se someten expresamente a los tribunales del domicilio del arrendador. Veh\u00edculo equipado con sistema de localizaci\u00f3n GPS por sat\u00e9lite.<\/li>\n<\/ol>\n<p><strong>SERGIO VALLS BISBAL<br \/>\n<\/strong>NIF.: 38451484S<br \/>\nc\/. de la Riera s\/n 08470 GUALBA \u2013 BARCELONA<br \/>\nTEL: 620317919[\/vc_column_text][\/vc_column][\/vc_row]<\/p>\n<\/div>","protected":false},"excerpt":{"rendered":"<p>[vc_row][vc_column][vc_column_text]CONDICIONES GENERALES DE ALQUILER POR EL PRESENTE CONTRATO, EL ARRENDADOR (SERGIO VALLS BISBAL\u00a0 38451484S) ARRIENDA AL ARRENDATARIO (EL CLIENTE), LA AUTOCARAVANA DESCRITA. LA FIRMA DEL CONTRATO DE ALQUILER SUPONE LA ACEPTACI\u00d3N DE TODAS Y CADA UNA DE LAS SIGUIENTES CONDICIONES: El importe total del alquiler contratado deber\u00e1 ser abonado antes de la salida, mediante dinero&hellip; <a class=\"continue\" href=\"https:\/\/escapa-t.com\/es\/condiciones-generales-de-alquiler\/\">Continue Reading<span> Condiciones generales de alquiler<\/span><\/a><\/p>\n","protected":false},"author":1,"featured_media":0,"parent":0,"menu_order":0,"comment_status":"closed","ping_status":"closed","template":"","meta":{"footnotes":""},"class_list":["post-2484","page","type-page","status-publish","hentry","description-off"],"yoast_head":"<!-- This site is optimized with the Yoast SEO plugin v27.5 - https:\/\/yoast.com\/product\/yoast-seo-wordpress\/ -->\n<title>Condiciones generales de alquiler - Escapa-t<\/title>\n<meta name=\"robots\" content=\"index, follow, max-snippet:-1, max-image-preview:large, max-video-preview:-1\" \/>\n<link rel=\"canonical\" href=\"https:\/\/escapa-t.com\/es\/condiciones-generales-de-alquiler\/\" \/>\n<meta property=\"og:locale\" content=\"es_ES\" \/>\n<meta property=\"og:type\" content=\"article\" \/>\n<meta property=\"og:title\" content=\"Condiciones generales de alquiler - Escapa-t\" \/>\n<meta property=\"og:description\" content=\"[vc_row][vc_column][vc_column_text]CONDICIONES GENERALES DE ALQUILER POR EL PRESENTE CONTRATO, EL ARRENDADOR (SERGIO VALLS BISBAL\u00a0 38451484S) ARRIENDA AL ARRENDATARIO (EL CLIENTE), LA AUTOCARAVANA DESCRITA. LA FIRMA DEL CONTRATO DE ALQUILER SUPONE LA ACEPTACI\u00d3N DE TODAS Y CADA UNA DE LAS SIGUIENTES CONDICIONES: El importe total del alquiler contratado deber\u00e1 ser abonado antes de la salida, mediante dinero&hellip; Continue Reading Condiciones generales de alquiler\" \/>\n<meta property=\"og:url\" content=\"https:\/\/escapa-t.com\/es\/condiciones-generales-de-alquiler\/\" \/>\n<meta property=\"og:site_name\" content=\"Escapa-t\" \/>\n<meta property=\"article:modified_time\" content=\"2025-03-17T11:19:29+00:00\" \/>\n<meta name=\"twitter:card\" content=\"summary_large_image\" \/>\n<meta name=\"twitter:label1\" content=\"Tiempo de lectura\" \/>\n\t<meta name=\"twitter:data1\" content=\"9 minutos\" \/>\n<script type=\"application\/ld+json\" class=\"yoast-schema-graph\">{\"@context\":\"https:\\\/\\\/schema.org\",\"@graph\":[{\"@type\":\"WebPage\",\"@id\":\"https:\\\/\\\/escapa-t.com\\\/es\\\/condiciones-generales-de-alquiler\\\/\",\"url\":\"https:\\\/\\\/escapa-t.com\\\/es\\\/condiciones-generales-de-alquiler\\\/\",\"name\":\"Condiciones generales de alquiler - Escapa-t\",\"isPartOf\":{\"@id\":\"https:\\\/\\\/escapa-t.com\\\/#website\"},\"datePublished\":\"2021-02-24T14:16:36+00:00\",\"dateModified\":\"2025-03-17T11:19:29+00:00\",\"breadcrumb\":{\"@id\":\"https:\\\/\\\/escapa-t.com\\\/es\\\/condiciones-generales-de-alquiler\\\/#breadcrumb\"},\"inLanguage\":\"es\",\"potentialAction\":[{\"@type\":\"ReadAction\",\"target\":[\"https:\\\/\\\/escapa-t.com\\\/es\\\/condiciones-generales-de-alquiler\\\/\"]}]},{\"@type\":\"BreadcrumbList\",\"@id\":\"https:\\\/\\\/escapa-t.com\\\/es\\\/condiciones-generales-de-alquiler\\\/#breadcrumb\",\"itemListElement\":[{\"@type\":\"ListItem\",\"position\":1,\"name\":\"Inici\",\"item\":\"https:\\\/\\\/escapa-t.com\\\/es\\\/\"},{\"@type\":\"ListItem\",\"position\":2,\"name\":\"Condiciones generales de alquiler\"}]},{\"@type\":\"WebSite\",\"@id\":\"https:\\\/\\\/escapa-t.com\\\/#website\",\"url\":\"https:\\\/\\\/escapa-t.com\\\/\",\"name\":\"Escapa-t\",\"description\":\"Lloguer d&#039;autocaravanes\",\"potentialAction\":[{\"@type\":\"SearchAction\",\"target\":{\"@type\":\"EntryPoint\",\"urlTemplate\":\"https:\\\/\\\/escapa-t.com\\\/?s={search_term_string}\"},\"query-input\":{\"@type\":\"PropertyValueSpecification\",\"valueRequired\":true,\"valueName\":\"search_term_string\"}}],\"inLanguage\":\"es\"}]}<\/script>\n<!-- \/ Yoast SEO plugin. -->","yoast_head_json":{"title":"Condiciones generales de alquiler - Escapa-t","robots":{"index":"index","follow":"follow","max-snippet":"max-snippet:-1","max-image-preview":"max-image-preview:large","max-video-preview":"max-video-preview:-1"},"canonical":"https:\/\/escapa-t.com\/es\/condiciones-generales-de-alquiler\/","og_locale":"es_ES","og_type":"article","og_title":"Condiciones generales de alquiler - Escapa-t","og_description":"[vc_row][vc_column][vc_column_text]CONDICIONES GENERALES DE ALQUILER POR EL PRESENTE CONTRATO, EL ARRENDADOR (SERGIO VALLS BISBAL\u00a0 38451484S) ARRIENDA AL ARRENDATARIO (EL CLIENTE), LA AUTOCARAVANA DESCRITA. LA FIRMA DEL CONTRATO DE ALQUILER SUPONE LA ACEPTACI\u00d3N DE TODAS Y CADA UNA DE LAS SIGUIENTES CONDICIONES: El importe total del alquiler contratado deber\u00e1 ser abonado antes de la salida, mediante dinero&hellip; Continue Reading Condiciones generales de alquiler","og_url":"https:\/\/escapa-t.com\/es\/condiciones-generales-de-alquiler\/","og_site_name":"Escapa-t","article_modified_time":"2025-03-17T11:19:29+00:00","twitter_card":"summary_large_image","twitter_misc":{"Tiempo de lectura":"9 minutos"},"schema":{"@context":"https:\/\/schema.org","@graph":[{"@type":"WebPage","@id":"https:\/\/escapa-t.com\/es\/condiciones-generales-de-alquiler\/","url":"https:\/\/escapa-t.com\/es\/condiciones-generales-de-alquiler\/","name":"Condiciones generales de alquiler - Escapa-t","isPartOf":{"@id":"https:\/\/escapa-t.com\/#website"},"datePublished":"2021-02-24T14:16:36+00:00","dateModified":"2025-03-17T11:19:29+00:00","breadcrumb":{"@id":"https:\/\/escapa-t.com\/es\/condiciones-generales-de-alquiler\/#breadcrumb"},"inLanguage":"es","potentialAction":[{"@type":"ReadAction","target":["https:\/\/escapa-t.com\/es\/condiciones-generales-de-alquiler\/"]}]},{"@type":"BreadcrumbList","@id":"https:\/\/escapa-t.com\/es\/condiciones-generales-de-alquiler\/#breadcrumb","itemListElement":[{"@type":"ListItem","position":1,"name":"Inici","item":"https:\/\/escapa-t.com\/es\/"},{"@type":"ListItem","position":2,"name":"Condiciones generales de alquiler"}]},{"@type":"WebSite","@id":"https:\/\/escapa-t.com\/#website","url":"https:\/\/escapa-t.com\/","name":"Escapa-t","description":"Lloguer d&#039;autocaravanes","potentialAction":[{"@type":"SearchAction","target":{"@type":"EntryPoint","urlTemplate":"https:\/\/escapa-t.com\/?s={search_term_string}"},"query-input":{"@type":"PropertyValueSpecification","valueRequired":true,"valueName":"search_term_string"}}],"inLanguage":"es"}]}},"_links":{"self":[{"href":"https:\/\/escapa-t.com\/es\/wp-json\/wp\/v2\/pages\/2484","targetHints":{"allow":["GET"]}}],"collection":[{"href":"https:\/\/escapa-t.com\/es\/wp-json\/wp\/v2\/pages"}],"about":[{"href":"https:\/\/escapa-t.com\/es\/wp-json\/wp\/v2\/types\/page"}],"author":[{"embeddable":true,"href":"https:\/\/escapa-t.com\/es\/wp-json\/wp\/v2\/users\/1"}],"replies":[{"embeddable":true,"href":"https:\/\/escapa-t.com\/es\/wp-json\/wp\/v2\/comments?post=2484"}],"version-history":[{"count":6,"href":"https:\/\/escapa-t.com\/es\/wp-json\/wp\/v2\/pages\/2484\/revisions"}],"predecessor-version":[{"id":4210,"href":"https:\/\/escapa-t.com\/es\/wp-json\/wp\/v2\/pages\/2484\/revisions\/4210"}],"wp:attachment":[{"href":"https:\/\/escapa-t.com\/es\/wp-json\/wp\/v2\/media?parent=2484"}],"curies":[{"name":"wp","href":"https:\/\/api.w.org\/{rel}","templated":true}]}}